{"id":637,"date":"2019-08-09T08:59:08","date_gmt":"2019-08-09T12:59:08","guid":{"rendered":"https:\/\/hospitaltaiwan.gob.do\/transparencia\/?page_id=7"},"modified":"2022-04-13T10:02:19","modified_gmt":"2022-04-13T14:02:19","slug":"inicio","status":"publish","type":"page","link":"https:\/\/hospitalengombe.gob.do\/transparencia\/","title":{"rendered":"Inicio"},"content":{"rendered":"\n<figure class=\"wp-block-image\"><img loading=\"lazy\" width=\"800\" height=\"276\" src=\"https:\/\/hospitalengombe.gob.do\/transparencia\/wp-content\/uploads\/sites\/2\/2022\/03\/transparenciabg-hospitales.jpg\" alt=\"Portal de Transparencia\" class=\"wp-image-931\" srcset=\"https:\/\/hospitalengombe.gob.do\/transparencia\/wp-content\/uploads\/sites\/2\/2022\/03\/transparenciabg-hospitales.jpg 800w, https:\/\/hospitalengombe.gob.do\/transparencia\/wp-content\/uploads\/sites\/2\/2022\/03\/transparenciabg-hospitales-300x104.jpg 300w, https:\/\/hospitalengombe.gob.do\/transparencia\/wp-content\/uploads\/sites\/2\/2022\/03\/transparenciabg-hospitales-768x265.jpg 768w\" sizes=\"(max-width: 800px) 100vw, 800px\" \/><\/figure>\n\n\n\n<p>Para dar Cumplimiento a la&nbsp;<a href=\"https:\/\/docs.google.com\/viewer?url=https:\/\/sns.gob.do\/transparencia\/descargas\/14\/leyes\/1567\/ley-200-04-general-de-libre-acceso-a-la-informacion-publica.pdf\" target=\"_blank\" rel=\"noreferrer noopener\"><strong>Ley 200-04<\/strong><\/a>&nbsp;de Libre Acceso a la Informaci\u00f3n P\u00fablica y al&nbsp;<a href=\"https:\/\/docs.google.com\/viewer?url=https:\/\/sns.gob.do\/transparencia\/descargas\/15\/decretos\/2199\/aa-decreto-130-05-que-aprueba-el-reglamento-de-aplicacion-de-la-ley-200-04.pdf\" target=\"_blank\" rel=\"noreferrer noopener\"><strong>Decreto No. 130-05<\/strong><\/a>&nbsp;que aprueba su Reglamento de Aplicaci\u00f3n, se pone a disposici\u00f3n de los ciudadanos los contenidos de transparencia considerados en esta.<\/p>\n\n\n\n<p>Nuestro objetivo es garantizar el libre acceso a la informaci\u00f3n p\u00fablica de forma completa, veraz y oportuna, a fin de satisfacer las necesidades de la ciudadan\u00eda.<\/p>\n\n\n\n<hr class=\"wp-block-separator is-style-wide\"\/>\n\n\n\n<div class=\"wp-block-columns has-3-columns\">\n<div class=\"wp-block-column\">\n<div class=\"wp-block-image\"><figure class=\"aligncenter size-full is-resized\"><a href=\"https:\/\/www.saip.gob.do\/apps\/sip\/?step=one\" target=\"_blank\" rel=\"nofollow noopener\"><img loading=\"lazy\" src=\"https:\/\/hospitalengombe.gob.do\/transparencia\/wp-content\/uploads\/sites\/2\/2022\/04\/logos-transp-sns-saip-00.jpg\" alt=\"\" class=\"wp-image-992\" width=\"250\" height=\"208\"\/><\/a><\/figure><\/div>\n<\/div>\n\n\n\n<div class=\"wp-block-column\">\n<div class=\"wp-block-image\"><figure class=\"aligncenter size-full is-resized\"><a href=\"https:\/\/www.transparenciafiscal.gob.do\/\" target=\"_blank\" rel=\"nofollow noopener\"><img loading=\"lazy\" src=\"https:\/\/hospitalengombe.gob.do\/transparencia\/wp-content\/uploads\/sites\/2\/2022\/04\/logos-transp-sns-transpfiscal-00.jpg\" alt=\"\" class=\"wp-image-994\" width=\"250\" height=\"208\"\/><\/a><\/figure><\/div>\n<\/div>\n\n\n\n<div class=\"wp-block-column\">\n<div class=\"wp-block-image\"><figure class=\"aligncenter size-full is-resized\"><a href=\"https:\/\/consultas.contraloria.gob.do\/libexternos\" target=\"_blank\" rel=\"nofollow noopener\"><img loading=\"lazy\" src=\"https:\/\/hospitalengombe.gob.do\/transparencia\/wp-content\/uploads\/sites\/2\/2022\/04\/logos-transp-sns-consultalibramiento-00.jpg\" alt=\"\" class=\"wp-image-993\" width=\"250\" height=\"208\"\/><\/a><\/figure><\/div>\n<\/div>\n\n\n\n<div class=\"wp-block-column\">\n<figure class=\"wp-block-image size-full is-resized\"><a href=\"https:\/\/transparencia.gob.do\/\" target=\"_blank\" rel=\"nofollow noopener\"><img loading=\"lazy\" src=\"https:\/\/hospitalengombe.gob.do\/transparencia\/wp-content\/uploads\/sites\/2\/2022\/04\/logos-transp-sns-portalunicotransp-00.jpg\" alt=\"\" class=\"wp-image-995\" width=\"250\" height=\"208\"\/><\/a><\/figure>\n<\/div>\n<\/div>\n\n\n\n<p><\/p>\n","protected":false},"excerpt":{"rendered":"<p>Para dar Cumplimiento a la&nbsp;Ley 200-04&nbsp;de Libre Acceso a la Informaci\u00f3n P\u00fablica y al&nbsp;Decreto No. 130-05&nbsp;que aprueba su Reglamento de Aplicaci\u00f3n, se pone a disposici\u00f3n de los ciudadanos los contenidos de transparencia considerados en esta. Nuestro objetivo es garantizar el libre acceso a la informaci\u00f3n p\u00fablica de forma completa, veraz y oportuna, a fin de [&hellip;]<\/p>\n","protected":false},"author":1,"featured_media":0,"parent":0,"menu_order":0,"comment_status":"closed","ping_status":"closed","template":"","meta":[],"_links":{"self":[{"href":"https:\/\/hospitalengombe.gob.do\/transparencia\/wp-json\/wp\/v2\/pages\/637"}],"collection":[{"href":"https:\/\/hospitalengombe.gob.do\/transparencia\/wp-json\/wp\/v2\/pages"}],"about":[{"href":"https:\/\/hospitalengombe.gob.do\/transparencia\/wp-json\/wp\/v2\/types\/page"}],"author":[{"embeddable":true,"href":"https:\/\/hospitalengombe.gob.do\/transparencia\/wp-json\/wp\/v2\/users\/1"}],"replies":[{"embeddable":true,"href":"https:\/\/hospitalengombe.gob.do\/transparencia\/wp-json\/wp\/v2\/comments?post=637"}],"version-history":[{"count":4,"href":"https:\/\/hospitalengombe.gob.do\/transparencia\/wp-json\/wp\/v2\/pages\/637\/revisions"}],"predecessor-version":[{"id":997,"href":"https:\/\/hospitalengombe.gob.do\/transparencia\/wp-json\/wp\/v2\/pages\/637\/revisions\/997"}],"wp:attachment":[{"href":"https:\/\/hospitalengombe.gob.do\/transparencia\/wp-json\/wp\/v2\/media?parent=637"}],"curies":[{"name":"wp","href":"https:\/\/api.w.org\/{rel}","templated":true}]}}