{"id":47,"date":"2019-08-09T10:17:06","date_gmt":"2019-08-09T14:17:06","guid":{"rendered":"https:\/\/hospitaltaiwan.gob.do\/transparencia\/?page_id=47"},"modified":"2022-07-04T09:51:31","modified_gmt":"2022-07-04T13:51:31","slug":"declaracion-jurada-de-patrimonio-2","status":"publish","type":"page","link":"https:\/\/hospitalengombe.gob.do\/transparencia\/declaracion-jurada-de-patrimonio-2\/","title":{"rendered":"Declaraci\u00f3n Jurada de Patrimonio"},"content":{"rendered":"\n<div class=\"texto-leyenda\">\n<p>\nLos datos personales han sido protegidos de conformidad con el art. 18 de la&nbsp;<a href=\"https:\/\/docs.google.com\/viewer?url=https:\/\/sns.gob.do\/transparencia\/descargas\/14\/leyes\/1567\/ley-200-04-general-de-libre-acceso-a-la-informacion-publica.pdf\" target=\"_blank\" rel=\"noreferrer noopener\"><strong>Ley 200-04<\/strong><\/a>&nbsp;de Libre Acceso a la Informaci\u00f3n P\u00fablica, de fecha 28 de julio de 2004 y el art. 28 de su reglamento de aplicaci\u00f3n aprobado mediante el&nbsp;<a href=\"https:\/\/docs.google.com\/viewer?url=https:\/\/sns.gob.do\/transparencia\/descargas\/15\/decretos\/2199\/aa-decreto-130-05-que-aprueba-el-reglamento-de-aplicacion-de-la-ley-200-04.pdf\" target=\"_blank\" rel=\"noreferrer noopener\"><strong>Decreto No. 130-05<\/strong><\/a>&nbsp; de fecha 25 de febrero de 2005.\n<\/p>\n<\/div>\n\n\n\n<div class=\"wpfd-content wpfd-content-default wpfd-content-multi\" data-category=\"9\"             style=\"background-color: rgba(255, 255, 255, 0)\"><input type=\"hidden\" id=\"current_category_9\" value=\"9\" \/>                    <input type=\"hidden\" id=\"current_category_slug_9\" value=\"declaracion-jurada-de-patrimonio\" \/>                    <input type=\"hidden\" id=\"current_ordering_9\" value=\"ordering\" \/>                    <input type=\"hidden\" id=\"current_ordering_direction_9\" value=\"asc\" \/>                    <input type=\"hidden\" id=\"page_limit_9\" value=\"10\" \/><input type=\"hidden\" id=\"wpfd_display_empty_category_message\" value=\"0\" \/><input type=\"hidden\" id=\"wpfd_empty_category_message_val\" value=\"This file category has no files to display\" \/><input type=\"hidden\" id=\"wpfd_display_empty_folder\" value=\"1\" \/><input type=\"hidden\" id=\"wpfd_is_empty_subcategories\" value=\"1\" \/><input type=\"hidden\" id=\"wpfd_is_empty_files\" value=\"1\" \/><ul class=\"breadcrumbs wpfd-breadcrumbs-default head-category-default\">                            <li class=\"active\">Declaraci\u00f3n Jurada de Patrimonio<\/li>                        <\/ul>    <script type=\"text\/x-handlebars-template\" class=\"wpfd-template-categories\">        <div class=\"wpfd-categories \">{{#if category}}{{#with category}}<h2>{{name}}<\/h2>{{#if parent}}<a class=\"catlink backcategory\" href=\"#\" data-idcat=\"{{parent}}\">                        <i class=\"zmdi zmdi-chevron-left\"><\/i><span>Atr\u00e1s<\/span><\/a>{{\/if}}{{\/with}}{{\/if}}{{#if category.desc}}<div class=\"wpfd-category-desc\">{{category.desc}}<\/div>{{\/if}}{{#if categories}}{{#each categories}}<a class=\"wpfdcategory catlink\" style=\"margin : 10px 10px 10px 10px;\" href=\"#\" data-idcat=\"{{term_id}}\" title=\"{{name}}\">                                <span>{{name}}<\/span><i class=\"zmdi zmdi-folder wpfd-folder\"><\/i>                            <\/a>{{\/each}}{{\/if}}<div class=\"wpfdcategory_placeholder\" style=\"margin : 0 10px 0 10px;\"><\/div><div class=\"wpfdcategory_placeholder\" style=\"margin : 0 10px 0 10px;\"><\/div><div class=\"wpfdcategory_placeholder\" style=\"margin : 0 10px 0 10px;\"><\/div><\/div>    <\/script>    <script type=\"text\/x-handlebars-template\" class=\"wpfd-template-files\">        {{#if files }}        <div class=\"wpfd_list\">            {{#each files}}            <div class=\"file\" style=\"margin : 10px 10px 10px 10px;\" data-id=\"{{ID}}\" data-catid=\"{{catid}}\">                <div class=\"filecontent\">                    <div class=\"ext ext-{{ext}} wpfd-icon-set-png\"><span class=\"txt\">{{ext}}<\/span><\/div><h3><a href=\"{{linkdownload}}\"  class=\"wpfd_downloadlink\" title=\"{{post_title}}\" target=\"{{#if remote_file}}_blank{{\/if}}\">{{{crop_title}}}<\/a><\/h3>                    <div class=\"file-xinfo\">                        {{#if description}}<div class=\"file-desc\">{{{description}}}<\/div>{{\/if}}{{#if versionNumber}}<div class=\"file-version\"><span>Version:<\/span> {{versionNumber}}<\/div>{{\/if}}<div class=\"file-size\"><span>Tama\u00f1o:<\/span> {{bytesToSize size}}<\/div><div class=\"file-hits\"><span>Descargas:<\/span> {{hits}}<\/div><div class=\"file-dated\"><span>Fecha Agregado:<\/span> {{created}}<\/div>                    <\/div>                <\/div>                <span class=\"file-right\">                    <a class=\"downloadlink wpfd_downloadlink\"  href=\"{{linkdownload}}\" style=\"background-color:#76bc58;color:#ffffff;\" target=\"{{#if remote_file}}_blank{{\/if}}\">Acceder<i class=\"zmdi zmdi-cloud-download wpfd-download\"><\/i><\/a>{{#if openpdflink}}<a class=\"openlink wpfdlightbox wpfd_previewlink\" href=\"{{openpdflink}}\" target=\"\">Vista previa                            <i class=\"zmdi zmdi-filter-center-focus wpfd-preview\"><\/i>                        <\/a>{{else}}{{#if viewerlink}}<a                            href=\"{{viewerlink}}\"                            class=\"openlink wpfdlightbox wpfd_previewlink\"                            target=\"\"                            data-id=\"{{ID}}\"                            data-catid=\"{{catid}}\"                            data-file-type=\"{{ext}}\">Vista previa<i class=\"zmdi zmdi-filter-center-focus wpfd-preview\"><\/i>                        <\/a>{{\/if}}{{\/if}}                <\/span>            <\/div>            {{\/each}}            <div class=\"file flex_span\" style=\"margin : 10px 10px 10px 10px;\"><\/div>        <\/div>        {{\/if}}    <\/script><div class=\"wpfd-container show_category_title show_breadcrumb show_subcategories\">        <div class=\"wpfd-open-tree\"><\/div>    <div class=\"wpfd-container-default \">        <div class=\"wpfd-categories \"><h2>Declaraci\u00f3n Jurada de Patrimonio<\/h2><div class=\"wpfd-category-desc\"><\/div><\/div>                    <div class=\"wpfd_list\">                                                        <div class=\"file\" style=\"margin : 10px 10px 10px 10px;\"                         data-id=\"1083\"                         data-catid=\"9\">                            <div class=\"filecontent\">                                <div class=\"ext ext-pdf wpfd-icon-set-png\"><span class=\"txt\">pdf<\/span><\/div><h3><a href=\"https:\/\/hospitalengombe.gob.do\/transparencia\/descargas\/9\/declaracion-jurada-de-patrimonio\/1083\/carmen-nurys-mateo-directora-general.pdf\"  class=\"wpfd_downloadlink\" title=\"Carmen Nurys Mateo Directora General\" target=\"\">Carmen Nurys Mateo Directora General<\/a><\/h3>                                <div class=\"file-xinfo\">                                    <div class=\"file-desc\"><\/div><div class=\"file-size\"><span>Tama\u00f1o:<\/span> 278.89 KB<\/div><div class=\"file-hits\"><span>Descargas:<\/span> 229<\/div><div class=\"file-dated\"><span>Fecha Agregado:<\/span> 23-05-2022<\/div>                                <\/div>                            <\/div>                            <div class=\"file-right\">                                <a class=\"downloadlink wpfd_downloadlink\"  href=\"https:\/\/hospitalengombe.gob.do\/transparencia\/descargas\/9\/declaracion-jurada-de-patrimonio\/1083\/carmen-nurys-mateo-directora-general.pdf\" style=\"background-color:#76bc58;color:#ffffff;\" target=\"\">Acceder<i class=\"zmdi zmdi-cloud-download wpfd-download\"><\/i><\/a><a                            href=\"https:\/\/docs.google.com\/viewer?url=https%3A%2F%2Fhospitalengombe.gob.do%2Ftransparencia%2Fwp-admin%2Fadmin-ajax.php%3Fjuwpfisadmin%3Dfalse%26action%3Dwpfd%26task%3Dfile.download%26wpfd_category_id%3D9%26wpfd_file_id%3D1083%26token%3D%26preview%3D1&#038;embedded=true\"                            class=\"openlink wpfdlightbox wpfd_previewlink\"                            target=\"\"                            data-id=\"1083\"                            data-catid=\"9\"                            data-file-type=\"pdf\">Vista previa<i class=\"zmdi zmdi-filter-center-focus wpfd-preview\"><\/i>                        <\/a>                            <\/div>                    <\/div>                                                                            <div class=\"file\" style=\"margin : 10px 10px 10px 10px;\"                         data-id=\"2812\"                         data-catid=\"9\">                            <div class=\"filecontent\">                                <div class=\"ext ext-pdf wpfd-icon-set-png\"><span class=\"txt\">pdf<\/span><\/div><h3><a href=\"https:\/\/hospitalengombe.gob.do\/transparencia\/descargas\/9\/declaracion-jurada-de-patrimonio\/2812\/designacion.pdf\"  class=\"wpfd_downloadlink\" title=\"Designaci\u00f3n\" target=\"\">Designaci\u00f3n<\/a><\/h3>                                <div class=\"file-xinfo\">                                    <div class=\"file-desc\"><\/div><div class=\"file-size\"><span>Tama\u00f1o:<\/span> 310.69 KB<\/div><div class=\"file-hits\"><span>Descargas:<\/span> 162<\/div><div class=\"file-dated\"><span>Fecha Agregado:<\/span> 01-03-2023<\/div>                                <\/div>                            <\/div>                            <div class=\"file-right\">                                <a class=\"downloadlink wpfd_downloadlink\"  href=\"https:\/\/hospitalengombe.gob.do\/transparencia\/descargas\/9\/declaracion-jurada-de-patrimonio\/2812\/designacion.pdf\" style=\"background-color:#76bc58;color:#ffffff;\" target=\"\">Acceder<i class=\"zmdi zmdi-cloud-download wpfd-download\"><\/i><\/a><a                            href=\"https:\/\/docs.google.com\/viewer?url=https%3A%2F%2Fhospitalengombe.gob.do%2Ftransparencia%2Fwp-admin%2Fadmin-ajax.php%3Fjuwpfisadmin%3Dfalse%26action%3Dwpfd%26task%3Dfile.download%26wpfd_category_id%3D9%26wpfd_file_id%3D2812%26token%3D%26preview%3D1&#038;embedded=true\"                            class=\"openlink wpfdlightbox wpfd_previewlink\"                            target=\"\"                            data-id=\"2812\"                            data-catid=\"9\"                            data-file-type=\"pdf\">Vista previa<i class=\"zmdi zmdi-filter-center-focus wpfd-preview\"><\/i>                        <\/a>                            <\/div>                    <\/div>                                                                            <div class=\"file\" style=\"margin : 10px 10px 10px 10px;\"                         data-id=\"1025\"                         data-catid=\"9\">                            <div class=\"filecontent\">                                <div class=\"ext ext-pdf wpfd-icon-set-png\"><span class=\"txt\">pdf<\/span><\/div><h3><a href=\"https:\/\/hospitalengombe.gob.do\/transparencia\/descargas\/9\/declaracion-jurada-de-patrimonio\/1025\/declarcion-de-bienes-raquel-minaya-administradora.pdf\"  class=\"wpfd_downloadlink\" title=\"Declarci\u00f3n de Bienes Raquel Minaya Administradora\" target=\"\">Declarci\u00f3n de Bienes Raquel Minaya Administradora<\/a><\/h3>                                <div class=\"file-xinfo\">                                    <div class=\"file-desc\"><\/div><div class=\"file-size\"><span>Tama\u00f1o:<\/span> 236.49 KB<\/div><div class=\"file-hits\"><span>Descargas:<\/span> 227<\/div><div class=\"file-dated\"><span>Fecha Agregado:<\/span> 25-04-2022<\/div>                                <\/div>                            <\/div>                            <div class=\"file-right\">                                <a class=\"downloadlink wpfd_downloadlink\"  href=\"https:\/\/hospitalengombe.gob.do\/transparencia\/descargas\/9\/declaracion-jurada-de-patrimonio\/1025\/declarcion-de-bienes-raquel-minaya-administradora.pdf\" style=\"background-color:#76bc58;color:#ffffff;\" target=\"\">Acceder<i class=\"zmdi zmdi-cloud-download wpfd-download\"><\/i><\/a><a                            href=\"https:\/\/docs.google.com\/viewer?url=https%3A%2F%2Fhospitalengombe.gob.do%2Ftransparencia%2Fwp-admin%2Fadmin-ajax.php%3Fjuwpfisadmin%3Dfalse%26action%3Dwpfd%26task%3Dfile.download%26wpfd_category_id%3D9%26wpfd_file_id%3D1025%26token%3D%26preview%3D1&#038;embedded=true\"                            class=\"openlink wpfdlightbox wpfd_previewlink\"                            target=\"\"                            data-id=\"1025\"                            data-catid=\"9\"                            data-file-type=\"pdf\">Vista previa<i class=\"zmdi zmdi-filter-center-focus wpfd-preview\"><\/i>                        <\/a>                            <\/div>                    <\/div>                                                                            <div class=\"file\" style=\"margin : 10px 10px 10px 10px;\"                         data-id=\"2376\"                         data-catid=\"9\">                            <div class=\"filecontent\">                                <div class=\"ext ext-pdf wpfd-icon-set-png\"><span class=\"txt\">pdf<\/span><\/div><h3><a href=\"https:\/\/hospitalengombe.gob.do\/transparencia\/descargas\/9\/declaracion-jurada-de-patrimonio\/2376\/licda-cristina-almonte-deogracia-enc-de-compras-hospital-de-engombe.pdf\"  class=\"wpfd_downloadlink\" title=\"Licda. Cristina Almonte Deogracia,  Enc. de Compras Hospital de Engombe\" target=\"\">Licda. Cristina Almonte Deogracia,  Enc. de Compras Hospital de Engombe<\/a><\/h3>                                <div class=\"file-xinfo\">                                    <div class=\"file-desc\"><\/div><div class=\"file-size\"><span>Tama\u00f1o:<\/span> 253.67 KB<\/div><div class=\"file-hits\"><span>Descargas:<\/span> 173<\/div><div class=\"file-dated\"><span>Fecha Agregado:<\/span> 05-07-2022<\/div>                                <\/div>                            <\/div>                            <div class=\"file-right\">                                <a class=\"downloadlink wpfd_downloadlink\"  href=\"https:\/\/hospitalengombe.gob.do\/transparencia\/descargas\/9\/declaracion-jurada-de-patrimonio\/2376\/licda-cristina-almonte-deogracia-enc-de-compras-hospital-de-engombe.pdf\" style=\"background-color:#76bc58;color:#ffffff;\" target=\"\">Acceder<i class=\"zmdi zmdi-cloud-download wpfd-download\"><\/i><\/a><a                            href=\"https:\/\/docs.google.com\/viewer?url=https%3A%2F%2Fhospitalengombe.gob.do%2Ftransparencia%2Fwp-admin%2Fadmin-ajax.php%3Fjuwpfisadmin%3Dfalse%26action%3Dwpfd%26task%3Dfile.download%26wpfd_category_id%3D9%26wpfd_file_id%3D2376%26token%3D%26preview%3D1&#038;embedded=true\"                            class=\"openlink wpfdlightbox wpfd_previewlink\"                            target=\"\"                            data-id=\"2376\"                            data-catid=\"9\"                            data-file-type=\"pdf\">Vista previa<i class=\"zmdi zmdi-filter-center-focus wpfd-preview\"><\/i>                        <\/a>                            <\/div>                    <\/div>                                                    <div class=\"file flex_span\" style=\"margin : 10px 10px 10px 10px;\"><\/div>            <\/div>                    <\/div><\/div><\/div>\n\n\n\n<hr>\n<div class=\"visor-docs\">\n<h4>\u00bfNo puede visualizar los documentos?<\/h4>\n<h6>Es posible que necesite descargar e instalar el siguientes programa:<\/h6>\n<p><i class=\"fa fa-file-pdf-o\"><\/i>&nbsp; Archivos PDF, <a href=\"https:\/\/get.adobe.com\/es\/reader\/\" target=\"_blank\" rel=\"noopener noreferrer\">descargue visor aqu\u00ed &nbsp;<i class=\"fa fa-download\"><\/i><\/a><\/p>\n<\/div>\n","protected":false},"excerpt":{"rendered":"<p>Los datos personales han sido protegidos de conformidad con el art. 18 de la&nbsp;Ley 200-04&nbsp;de Libre Acceso a la Informaci\u00f3n P\u00fablica, de fecha 28 de julio de 2004 y el art. 28 de su reglamento de aplicaci\u00f3n aprobado mediante el&nbsp;Decreto No. 130-05&nbsp; de fecha 25 de febrero de 2005.<\/p>\n","protected":false},"author":1,"featured_media":0,"parent":0,"menu_order":0,"comment_status":"closed","ping_status":"closed","template":"","meta":[],"_links":{"self":[{"href":"https:\/\/hospitalengombe.gob.do\/transparencia\/wp-json\/wp\/v2\/pages\/47"}],"collection":[{"href":"https:\/\/hospitalengombe.gob.do\/transparencia\/wp-json\/wp\/v2\/pages"}],"about":[{"href":"https:\/\/hospitalengombe.gob.do\/transparencia\/wp-json\/wp\/v2\/types\/page"}],"author":[{"embeddable":true,"href":"https:\/\/hospitalengombe.gob.do\/transparencia\/wp-json\/wp\/v2\/users\/1"}],"replies":[{"embeddable":true,"href":"https:\/\/hospitalengombe.gob.do\/transparencia\/wp-json\/wp\/v2\/comments?post=47"}],"version-history":[{"count":2,"href":"https:\/\/hospitalengombe.gob.do\/transparencia\/wp-json\/wp\/v2\/pages\/47\/revisions"}],"predecessor-version":[{"id":734,"href":"https:\/\/hospitalengombe.gob.do\/transparencia\/wp-json\/wp\/v2\/pages\/47\/revisions\/734"}],"wp:attachment":[{"href":"https:\/\/hospitalengombe.gob.do\/transparencia\/wp-json\/wp\/v2\/media?parent=47"}],"curies":[{"name":"wp","href":"https:\/\/api.w.org\/{rel}","templated":true}]}}