{"id":21,"date":"2019-08-09T09:50:37","date_gmt":"2019-08-09T13:50:37","guid":{"rendered":"https:\/\/hospitaltaiwan.gob.do\/transparencia\/?page_id=21"},"modified":"2020-02-03T08:43:41","modified_gmt":"2020-02-03T12:43:41","slug":"oai","status":"publish","type":"page","link":"https:\/\/hospitalengombe.gob.do\/transparencia\/oai\/","title":{"rendered":"Oficina de Libre Acceso a la Informaci\u00f3n"},"content":{"rendered":"\n<p>La Oficina de Acceso a la Informaci\u00f3n p\u00fablica (OAI) del Hospital, es la instancia concebida para cumplir con los preceptos de la\u00a0<em>\u201cLey General de Acceso a la Informaci\u00f3n P\u00fablica\u201d<\/em>\u00a0<strong>(Ley 200-04)<\/strong>, el\u00a0<strong>Decreto No. 130-05<\/strong>\u00a0que crea el reglamento de dicha ley, y dem\u00e1s normativas relativas al libre acceso a la informaci\u00f3n. A trav\u00e9s de las m\u00faltiples funciones que le otorga la ley, garantiza que la ciudadan\u00eda ejerza el derecho de libre acceso a la informaci\u00f3n p\u00fablica.<\/p>\n\n\n\n<h3><strong>Misi\u00f3n<\/strong><\/h3>\n\n\n\n<p>Somos la oficina responsable de hacer efectivo el ejercicio del derecho a la informaci\u00f3n p\u00fablica de la ciudadan\u00eda. colaboramos en el fortalecimiento de las actividades que transparentan y rinde cuentas de la gesti\u00f3n institucional.<\/p>\n\n\n\n<h3><strong>Visi\u00f3n<\/strong><\/h3>\n\n\n\n<p>Ser reconocida como la Oficina de Acceso a la Informaci\u00f3n de referencia en el Estado Dominicano por la calidad y oportunidad en los servicios que ofrecemos.<\/p>\n\n\n\n<h3><strong>Valores<\/strong><\/h3>\n\n\n\n<ul><li>Transparencia<\/li><li>Servicio<\/li><li>Eficiencia<\/li><li>Eficacia<\/li><li>Humanizaci\u00f3n<\/li><\/ul>\n","protected":false},"excerpt":{"rendered":"<p>La Oficina de Acceso a la Informaci\u00f3n p\u00fablica (OAI) del Hospital, es la instancia concebida para cumplir con los preceptos de la\u00a0\u201cLey General de Acceso a la Informaci\u00f3n P\u00fablica\u201d\u00a0(Ley 200-04), el\u00a0Decreto No. 130-05\u00a0que crea el reglamento de dicha ley, y dem\u00e1s normativas relativas al libre acceso a la informaci\u00f3n. A trav\u00e9s de las m\u00faltiples funciones [&hellip;]<\/p>\n","protected":false},"author":1,"featured_media":0,"parent":0,"menu_order":0,"comment_status":"closed","ping_status":"closed","template":"","meta":[],"_links":{"self":[{"href":"https:\/\/hospitalengombe.gob.do\/transparencia\/wp-json\/wp\/v2\/pages\/21"}],"collection":[{"href":"https:\/\/hospitalengombe.gob.do\/transparencia\/wp-json\/wp\/v2\/pages"}],"about":[{"href":"https:\/\/hospitalengombe.gob.do\/transparencia\/wp-json\/wp\/v2\/types\/page"}],"author":[{"embeddable":true,"href":"https:\/\/hospitalengombe.gob.do\/transparencia\/wp-json\/wp\/v2\/users\/1"}],"replies":[{"embeddable":true,"href":"https:\/\/hospitalengombe.gob.do\/transparencia\/wp-json\/wp\/v2\/comments?post=21"}],"version-history":[{"count":1,"href":"https:\/\/hospitalengombe.gob.do\/transparencia\/wp-json\/wp\/v2\/pages\/21\/revisions"}],"predecessor-version":[{"id":752,"href":"https:\/\/hospitalengombe.gob.do\/transparencia\/wp-json\/wp\/v2\/pages\/21\/revisions\/752"}],"wp:attachment":[{"href":"https:\/\/hospitalengombe.gob.do\/transparencia\/wp-json\/wp\/v2\/media?parent=21"}],"curies":[{"name":"wp","href":"https:\/\/api.w.org\/{rel}","templated":true}]}}