{"id":1137,"date":"2022-07-02T10:17:06","date_gmt":"2022-07-02T14:17:06","guid":{"rendered":"https:\/\/hospitaltaiwan.gob.do\/transparencia\/?page_id=47"},"modified":"2022-07-07T08:35:09","modified_gmt":"2022-07-07T12:35:09","slug":"declaraciones-juradas-de-patrimonio","status":"publish","type":"page","link":"https:\/\/hospitalengombe.gob.do\/transparencia\/declaraciones-juradas-de-patrimonio\/","title":{"rendered":"Declaraciones Juradas de Patrimonio"},"content":{"rendered":"\n<div class=\"texto-leyenda\">\n<p>\nLos datos personales han sido protegidos de conformidad con el art. 18 de la&nbsp;<a href=\"https:\/\/docs.google.com\/viewer?url=https:\/\/sns.gob.do\/transparencia\/descargas\/14\/leyes\/1567\/ley-200-04-general-de-libre-acceso-a-la-informacion-publica.pdf\" target=\"_blank\" rel=\"noreferrer noopener\"><strong>Ley 200-04<\/strong><\/a>&nbsp;de Libre Acceso a la Informaci\u00f3n P\u00fablica, de fecha 28 de julio de 2004 y el art. 28 de su reglamento de aplicaci\u00f3n aprobado mediante el&nbsp;<a href=\"https:\/\/docs.google.com\/viewer?url=https:\/\/sns.gob.do\/transparencia\/descargas\/15\/decretos\/2199\/aa-decreto-130-05-que-aprueba-el-reglamento-de-aplicacion-de-la-ley-200-04.pdf\" target=\"_blank\" rel=\"noreferrer noopener\"><strong>Decreto No. 130-05<\/strong><\/a>&nbsp; de fecha 25 de febrero de 2005.\n<\/p>\n<\/div>\n\n\n\n<div style=\"height:60px\" aria-hidden=\"true\" class=\"wp-block-spacer\"><\/div>\n\n\n\n<figure class=\"wp-block-table aligncenter is-style-stripes\"><table class=\"has-background\" style=\"background-color:#e7f5fe\"><tbody><tr><td> <strong>NOMBRE DE FUNCIONARIO<\/strong> <\/td><td class=\"has-text-align-left\" data-align=\"left\"> <strong>DECRETO \/ DESIGNACI\u00d3N<\/strong> <\/td><td> <strong>DECLARACI\u00d3N JURADA PATRIMONIO<\/strong> <\/td><\/tr><tr><td><a rel=\"noreferrer noopener\" href=\"https:\/\/hospitalsenoraderegla.gob.do\/sobre-nosotros\/nuestro-director\/\" target=\"_blank\"><strong>Carmen Nurys Mateo<\/strong>, Directora General Hospital de Engombe<\/a><\/td><td class=\"has-text-align-left\" data-align=\"left\"><a href=\"#\">Decreto No. <\/a><\/td><td><a href=\"https:\/\/hospitalengombe.gob.do\/transparencia\/descargas\/9\/declaracion-jurada-de-patrimonio\/1083\/carmen-nurys-mateo-directora-general.pdf\"><img class=\"wp-image-3191\" style=\"width: 30px\" src=\"https:\/\/hospitalsenoraderegla.gob.do\/transparencia\/wp-content\/uploads\/sites\/2\/2022\/03\/pdf.png\" alt=\"\"><\/a><\/td><\/tr><tr><td><strong>Raquel Minaya<\/strong>, Administradora Hospital de Engombe<\/td><td class=\"has-text-align-left\" data-align=\"left\">N\/A<\/td><td><a href=\"https:\/\/hospitalengombe.gob.do\/transparencia\/descargas\/9\/declaracion-jurada-de-patrimonio\/1025\/declarcion-de-bienes-raquel-minaya-administradora.pdf\"><img class=\"wp-image-3191\" style=\"width: 30px\" src=\"https:\/\/hospitalsenoraderegla.gob.do\/transparencia\/wp-content\/uploads\/sites\/2\/2022\/03\/pdf.png\" alt=\"\"><\/a><\/td><\/tr><tr><td><strong>Cristina Almonte Deogracia<\/strong>, Enc. de Compras Hospital de Engombe<\/td><td class=\"has-text-align-left\" data-align=\"left\">N\/A<\/td><td><a href=\"https:\/\/hospitalengombe.gob.do\/transparencia\/descargas\/9\/declaracion-jurada-de-patrimonio\/2376\/licda-cristina-almonte-deogracia-enc-de-compras-hospital-de-engombe.pdf\"><img class=\"wp-image-3191\" style=\"width: 30px\" src=\"https:\/\/hospitalsenoraderegla.gob.do\/transparencia\/wp-content\/uploads\/sites\/2\/2022\/03\/pdf.png\" alt=\"\"><\/a><\/td><\/tr><tr><td><\/td><td class=\"has-text-align-left\" data-align=\"left\"><\/td><td><\/td><\/tr><\/tbody><\/table><\/figure>\n\n\n\n<div style=\"height:60px\" aria-hidden=\"true\" class=\"wp-block-spacer\"><\/div>\n\n\n\n<div class=\"wp-block-image\"><figure class=\"aligncenter\"><a href=\"https:\/\/djurada.camaradecuentas.gob.do\/DJP_OJO_CIUDADANO\/pgReportesDJPExternos.aspx\" target=\"_blank\" rel=\"noreferrer noopener\"><img src=\"https:\/\/hospitalsenoraderegla.gob.do\/transparencia\/wp-content\/uploads\/sites\/2\/2022\/03\/declaracionjurada.jpg\" alt=\"\" class=\"wp-image-3190\"\/><\/a><\/figure><\/div>\n\n\n\n<hr>\n<div class=\"visor-docs\">\n<h4>\u00bfNo puede visualizar los documentos?<\/h4>\n<h6>Es posible que necesite descargar e instalar el siguientes programa:<\/h6>\n<p><i class=\"fa fa-file-pdf-o\"><\/i>&nbsp; Archivos PDF, <a href=\"https:\/\/get.adobe.com\/es\/reader\/\" target=\"_blank\" rel=\"noopener noreferrer\">descargue visor aqu\u00ed &nbsp;<i class=\"fa fa-download\"><\/i><\/a><\/p>\n<\/div>\n","protected":false},"excerpt":{"rendered":"<p>Los datos personales han sido protegidos de conformidad con el art. 18 de la&nbsp;Ley 200-04&nbsp;de Libre Acceso a la Informaci\u00f3n P\u00fablica, de fecha 28 de julio de 2004 y el art. 28 de su reglamento de aplicaci\u00f3n aprobado mediante el&nbsp;Decreto No. 130-05&nbsp; de fecha 25 de febrero de 2005. NOMBRE DE FUNCIONARIO DECRETO \/ DESIGNACI\u00d3N [&hellip;]<\/p>\n","protected":false},"author":1,"featured_media":0,"parent":0,"menu_order":0,"comment_status":"closed","ping_status":"closed","template":"","meta":[],"_links":{"self":[{"href":"https:\/\/hospitalengombe.gob.do\/transparencia\/wp-json\/wp\/v2\/pages\/1137"}],"collection":[{"href":"https:\/\/hospitalengombe.gob.do\/transparencia\/wp-json\/wp\/v2\/pages"}],"about":[{"href":"https:\/\/hospitalengombe.gob.do\/transparencia\/wp-json\/wp\/v2\/types\/page"}],"author":[{"embeddable":true,"href":"https:\/\/hospitalengombe.gob.do\/transparencia\/wp-json\/wp\/v2\/users\/1"}],"replies":[{"embeddable":true,"href":"https:\/\/hospitalengombe.gob.do\/transparencia\/wp-json\/wp\/v2\/comments?post=1137"}],"version-history":[{"count":3,"href":"https:\/\/hospitalengombe.gob.do\/transparencia\/wp-json\/wp\/v2\/pages\/1137\/revisions"}],"predecessor-version":[{"id":2382,"href":"https:\/\/hospitalengombe.gob.do\/transparencia\/wp-json\/wp\/v2\/pages\/1137\/revisions\/2382"}],"wp:attachment":[{"href":"https:\/\/hospitalengombe.gob.do\/transparencia\/wp-json\/wp\/v2\/media?parent=1137"}],"curies":[{"name":"wp","href":"https:\/\/api.w.org\/{rel}","templated":true}]}}